{"id":8788,"date":"2026-04-23T17:37:26","date_gmt":"2026-04-23T15:37:26","guid":{"rendered":"https:\/\/evibossanyi.com\/?page_id=8788"},"modified":"2026-04-24T09:19:54","modified_gmt":"2026-04-24T07:19:54","slug":"termini-e-condizioni","status":"publish","type":"page","link":"https:\/\/evibossanyi.com\/termini-e-condizioni\/","title":{"rendered":"Termini e Condizioni"},"content":{"rendered":"\t\t<div data-elementor-type=\"wp-page\" data-elementor-id=\"8788\" class=\"elementor elementor-8788\" data-elementor-post-type=\"page\">\n\t\t\t\t\t\t<section class=\"elementor-section elementor-top-section elementor-element elementor-element-a3094b7 elementor-section-boxed elementor-section-height-default elementor-section-height-default\" data-id=\"a3094b7\" data-element_type=\"section\" data-settings=\"{&quot;jet_parallax_layout_list&quot;:[]}\">\n\t\t\t\t\t\t<div class=\"elementor-container elementor-column-gap-default\">\n\t\t\t\t\t<div class=\"elementor-column elementor-col-100 elementor-top-column elementor-element elementor-element-352f2dc\" data-id=\"352f2dc\" data-element_type=\"column\">\n\t\t\t<div class=\"elementor-widget-wrap elementor-element-populated\">\n\t\t\t\t\t\t<div class=\"elementor-element elementor-element-e0888e1 elementor-widget elementor-widget-text-editor\" data-id=\"e0888e1\" data-element_type=\"widget\" data-widget_type=\"text-editor.default\">\n\t\t\t\t<div class=\"elementor-widget-container\">\n\t\t\t\t\t\t\t\t\t<p>Puoi acquistare i prodotti registrandoti sul sito e seguendo il semplice percorso che ti verr\u00e0 indicato fino al completamento dell\u2019ordine.<\/p><p>Oppure puoi chiedere informazioni o inoltrare ordini via mail a info@evibossanyi.com\u00a0o contattare il numero +39 3336119945<\/p><p>La spedizione degli articoli acquistati viene effettuata a mezzo corriere Poste Italiane.\u00a0<\/p><p>Per ordini inferiori agli 70,00 euro \u00e8 richiesto un contributo che varia da \u20ac 4.90 a \u20ac 7,90 a seconda dei prodotti scelti per le spese di trasporto tracciato e sono da considerarsi validi unicamente per invii sul territorio nazionale italiano.<\/p><p>Per ordini superiori a \u20ac 70,00 le spese di spedizione sono gratuite.<\/p><p>Per spedizioni all&#8217;estero \u00e8 richiesto un contatto all&#8217;indirizzo\u00a0info@evibossanyi.com\u00a0per definire l&#8217;entit\u00e0 dell&#8217;eventuale contributo a carico del cliente.<\/p><p>I tempi di consegna potranno variare dai 2 ai 4 giorni lavorativi. Al momento della spedizione verr\u00e0 inviato una conferma di invio (con relativo codice di Tracking del corriere) alla mail indicata nel form\u00a0di\u00a0acquisto.<\/p><p>All&#8217;atto della consegna \u00e8 necessario verificare che l&#8217;imballo sia integro, non danneggiato, bagnato o visibilmente alterato; in caso contrario eventuali danni vanno immediatamente contestati al corriere e la merce deve essere accettata apponendo la dicitura &#8222;con riserva&#8221;.<\/p><p>Al pagamento avvenuto verr\u00e0 emessa la fattura elettronica e inviata la copia all\u2019indirizzo e-mail fornito dal cliente nel form\u00a0di\u00a0acquisto.<\/p><p>I buoni sconti e le offerte non sono cumulabili.<\/p><p><strong>Diritto di recesso<\/strong><\/p><p>Il cliente ha la possibilit\u00e0 di cancellare l&#8217;ordine effettuato inviando una e-mail all&#8217;indirizzo\u00a0info@evibossanyi.com\u00a0prima che la merce venga spedita, specificando come oggetto &#8222;cancellazione ordine&#8221;.<\/p><p>Il cliente pu\u00f2 avvalersi anche del diritto di recesso dal contratto di acquisto in base alla legge d.lgs. N. 185 del 22\/05\/1999 che regola le vendite di prodotti via internet ovvero la materia dei contratti a distanza, cio\u00e8 effettuati al di fuori dei locali commerciali.<\/p><p>In base a tale normativa il cliente ha la possibilit\u00e0 di restituire il prodotto acquistato e di ottenere il rimborso della spesa sostenuta.<\/p><p>Questo diritto \u00e8 riservato esclusivamente alle persone fisiche (consumatori), quindi non pu\u00f2 essere esercitato dalle persone giuridiche e dalle persone fisiche che agiscono per scopi riferibili all&#8217;attivit\u00e0 professionale eventualmente svolta.<\/p><p>Per esercitare il diritto di recesso \u00e8 necessario inviare, entro il termine di 10 giorni lavorativi dal ricevimento della merce, una comunicazione scritta mediante lettera raccomandata a.r. \u00a0nella quale venga manifestata la volont\u00e0 di recedere dal contratto concluso.<\/p><p>La suddetta comunicazione dovr\u00e0 essere indirizzata a Eva Bossanyi, via Antonio Segni 167 \u2013 58100 Grosseto (GR) e possibilmente, anticipata via mail a info@evibossanyi.com. La lettera dovr\u00e0 contenere i riferimenti dell&#8217;ordine, la motivazione della richiesta con indicazione di eventuali difetti del prodotto, le coordinate bancarie per effettuare l&#8217;accredito e la copia di un documento di identit\u00e0 valido dell&#8217;acquirente.<\/p><p>Qualora il cliente eserciti il diritto di recesso, resteranno a suo carico le spese di restituzione della merce che dovr\u00e0 avvenire a mezzo corriere, utilizzando l&#8217;imballo originale ed allegando i relativi documenti fiscali. Non verranno ritirati in nessun caso pacchi in contrassegno o in porto assegnato.\u00a0<\/p><p>Consiglio di assicurare la spedizione contro il furto e i danni da trasporto poich\u00e9 in caso di danneggiamenti o smarrimenti avvenuti durante il trasporto ci riserviamo il diritto di addebitare l&#8217;importo relativo trattenendolo dalle somme dovute.\u00a0<\/p><p>Il diritto di recesso decade totalmente qualora il prodotto restituito non sia integro in ogni sua parte ovvero: danneggiamento del prodotto per cause diverse dal trasporto.<\/p>\t\t\t\t\t\t\t\t<\/div>\n\t\t\t\t<\/div>\n\t\t\t\t\t<\/div>\n\t\t<\/div>\n\t\t\t\t\t<\/div>\n\t\t<\/section>\n\t\t\t\t<\/div>\n\t\t","protected":false},"excerpt":{"rendered":"<p>Puoi acquistare i prodotti registrandoti sul sito e seguendo il semplice percorso che ti verr\u00e0 indicato fino al completamento dell\u2019ordine. Oppure puoi chiedere informazioni o inoltrare ordini via mail a info@evibossanyi.com\u00a0o contattare il numero +39 3336119945 La spedizione degli articoli acquistati viene effettuata a mezzo corriere Poste Italiane. Per ordini inferiori agli 70,00 euro \u00e8 [&hellip;]<\/p>\n","protected":false},"author":6,"featured_media":0,"parent":0,"menu_order":0,"comment_status":"closed","ping_status":"closed","template":"","meta":{"site-sidebar-layout":"no-sidebar","site-content-layout":"page-builder","ast-site-content-layout":"full-width-container","site-content-style":"unboxed","site-sidebar-style":"unboxed","ast-global-header-display":"","ast-banner-title-visibility":"","ast-main-header-display":"","ast-hfb-above-header-display":"","ast-hfb-below-header-display":"","ast-hfb-mobile-header-display":"","site-post-title":"disabled","ast-breadcrumbs-content":"","ast-featured-img":"disabled","footer-sml-layout":"","theme-transparent-header-meta":"default","adv-header-id-meta":"","stick-header-meta":"default","header-above-stick-meta":"","header-main-stick-meta":"","header-below-stick-meta":"","astra-migrate-meta-layouts":"set","ast-page-background-enabled":"default","ast-page-background-meta":{"desktop":{"background-color":"","background-image":"","background-repeat":"repeat","background-position":"center center","background-size":"auto","background-attachment":"scroll","background-type":"","background-media":"","overlay-type":"","overlay-color":"","overlay-opacity":"","overlay-gradient":""},"tablet":{"background-color":"","background-image":"","background-repeat":"repeat","background-position":"center center","background-size":"auto","background-attachment":"scroll","background-type":"","background-media":"","overlay-type":"","overlay-color":"","overlay-opacity":"","overlay-gradient":""},"mobile":{"background-color":"","background-image":"","background-repeat":"repeat","background-position":"center center","background-size":"auto","background-attachment":"scroll","background-type":"","background-media":"","overlay-type":"","overlay-color":"","overlay-opacity":"","overlay-gradient":""}},"ast-content-background-meta":{"desktop":{"background-color":"var(--ast-global-color-5)","background-image":"","background-repeat":"repeat","background-position":"center center","background-size":"auto","background-attachment":"scroll","background-type":"","background-media":"","overlay-type":"","overlay-color":"","overlay-opacity":"","overlay-gradient":""},"tablet":{"background-color":"var(--ast-global-color-5)","background-image":"","background-repeat":"repeat","background-position":"center center","background-size":"auto","background-attachment":"scroll","background-type":"","background-media":"","overlay-type":"","overlay-color":"","overlay-opacity":"","overlay-gradient":""},"mobile":{"background-color":"var(--ast-global-color-5)","background-image":"","background-repeat":"repeat","background-position":"center center","background-size":"auto","background-attachment":"scroll","background-type":"","background-media":"","overlay-type":"","overlay-color":"","overlay-opacity":"","overlay-gradient":""}},"footnotes":""},"class_list":["post-8788","page","type-page","status-publish","hentry"],"_links":{"self":[{"href":"https:\/\/evibossanyi.com\/hu\/wp-json\/wp\/v2\/pages\/8788","targetHints":{"allow":["GET"]}}],"collection":[{"href":"https:\/\/evibossanyi.com\/hu\/wp-json\/wp\/v2\/pages"}],"about":[{"href":"https:\/\/evibossanyi.com\/hu\/wp-json\/wp\/v2\/types\/page"}],"author":[{"embeddable":true,"href":"https:\/\/evibossanyi.com\/hu\/wp-json\/wp\/v2\/users\/6"}],"replies":[{"embeddable":true,"href":"https:\/\/evibossanyi.com\/hu\/wp-json\/wp\/v2\/comments?post=8788"}],"version-history":[{"count":0,"href":"https:\/\/evibossanyi.com\/hu\/wp-json\/wp\/v2\/pages\/8788\/revisions"}],"wp:attachment":[{"href":"https:\/\/evibossanyi.com\/hu\/wp-json\/wp\/v2\/media?parent=8788"}],"curies":[{"name":"wp","href":"https:\/\/api.w.org\/{rel}","templated":true}]}}