{"id":800,"date":"2020-05-15T07:25:11","date_gmt":"2020-05-15T07:25:11","guid":{"rendered":"http:\/\/35.214.197.192\/~evibossanyi\/kreativ-ujrahasznositas\/"},"modified":"2021-03-10T17:55:10","modified_gmt":"2021-03-10T17:55:10","slug":"kreativ-ujrahasznositas","status":"publish","type":"page","link":"https:\/\/evibossanyi.com\/hu\/kreativ-ujrahasznositas\/","title":{"rendered":"Kreat\u00ecv \u00f9jrahasznos\u00ect\u00e0s"},"content":{"rendered":"\t\t<div data-elementor-type=\"wp-page\" data-elementor-id=\"800\" class=\"elementor elementor-800 elementor-344\" data-elementor-post-type=\"page\">\n\t\t\t\t\t\t<section class=\"elementor-section elementor-top-section elementor-element elementor-element-16cf11fb elementor-section-boxed elementor-section-height-default elementor-section-height-default\" data-id=\"16cf11fb\" data-element_type=\"section\" data-settings=\"{&quot;jet_parallax_layout_list&quot;:[]}\">\n\t\t\t\t\t\t<div class=\"elementor-container elementor-column-gap-default\">\n\t\t\t\t\t<div class=\"elementor-column elementor-col-100 elementor-top-column elementor-element elementor-element-256de7bb\" data-id=\"256de7bb\" data-element_type=\"column\">\n\t\t\t<div class=\"elementor-widget-wrap elementor-element-populated\">\n\t\t\t\t\t\t<div class=\"elementor-element elementor-element-129adb61 elementor-widget elementor-widget-heading\" data-id=\"129adb61\" data-element_type=\"widget\" data-widget_type=\"heading.default\">\n\t\t\t\t<div class=\"elementor-widget-container\">\n\t\t\t\t\t<h1 class=\"elementor-heading-title elementor-size-default\">Kreat\u00ecv \u00f9jrahasznos\u00ect\u00e0s<\/h1>\t\t\t\t<\/div>\n\t\t\t\t<\/div>\n\t\t\t\t<div class=\"elementor-element elementor-element-5a1c85f6 elementor-widget elementor-widget-text-editor\" data-id=\"5a1c85f6\" data-element_type=\"widget\" data-widget_type=\"text-editor.default\">\n\t\t\t\t<div class=\"elementor-widget-container\">\n\t\t\t\t\t\t\t\t\t<p><span style=\"font-weight: 400;\">Szem\u00e8ly szerint \u00f9gy v\u00e8lem, hogy a kreat\u00ecv \u00f9jrahasznos\u00ect\u00e0s nem m\u00e0s, mint a tudatos k\u00f6rnyezetv\u00e8delem \u00e8s a k\u00fcl\u00f6nb\u00f6z\u0151 dekor\u00e0ci\u00f2s technik\u00e0k t\u00f6k\u00e8letes egyes\u00fcl\u00e8se. Term\u00e8szetesen nem \u0151rizhet\u00fcnk meg mindent azt mondogatva, hogy el\u0151bb-ut\u00f2bb valamire biztos j\u00f2 lesz, de m\u00e8g miel\u0151tt v\u00e8glegesen megszabaduln\u00e0nk egy idej\u00e8t m\u00f9lt, kicsit megkopott t\u00e0rgyt\u00f2l fontoljuk meg, hogy egy kis fant\u00e0zi\u00e0val \u00e8s k\u00e8z\u00fcgyess\u00e8ggel \u00f9j \u00e8letre kelthetj\u00fck-e \u0151ket. Ezen k\u00ecv\u00fcl ne feledkezz\u00fcnk meg arr\u00f2l sem, hogy az olyan, minden h\u00e0ztart\u00e0sban k\u00f6nnyen fellelhet\u0151, de gyakran kidob\u00e0sra ker\u00fcl\u0151 anyagokat is mint a pap\u00ecr, a kartonpap\u00ecr, a m\u0171anyag, az \u00fcveg \u00e8s a fa a kreat\u00ecv \u00f9jrahasznos\u00ect\u00e0s seg\u00ects\u00e8g\u00e8vel k\u00fcl\u00f6nb\u00f6z\u0151 h\u00e0ztart\u00e0si kieg\u00e8sz\u00ect\u0151kk\u00e8, gyerekj\u00e0t\u00e8kokk\u00e0, vir\u00e0gcserepekk\u00e8, k\u00e8pkerett\u00e8, t\u00e0rol\u00f2dobozokk\u00e0 \u00e8s m\u00e8g sok minden m\u00e0ss\u00e0 alak\u00ecthatjuk \u00e0t. Ebben az albumban n\u00e8h\u00e0ny \u00e0ltalam k\u00e8sz\u00ectett munk\u00e0t l\u00e0thatsz, amelyb\u0151l ihletet is mer\u00ecthetsz. Ha Te is kedveled a kreat\u00ecv \u00f9jrahasznos\u00ect\u00e0st, a blogban t\u00f6bb \u00e8rdekes, a t\u00e8m\u00e0val foglalkoz\u00f2 bejegyz\u00e8st is tal\u00e0lsz, amelyek seg\u00ects\u00e8gedre lehetnek az alkot\u00e0sban.<\/span><\/p>\n\t\t\t\t\t\t\t\t<\/div>\n\t\t\t\t<\/div>\n\t\t\t\t\t<\/div>\n\t\t<\/div>\n\t\t\t\t\t<\/div>\n\t\t<\/section>\n\t\t\t\t<section class=\"elementor-section elementor-top-section elementor-element elementor-element-a919793 elementor-section-boxed elementor-section-height-default elementor-section-height-default\" data-id=\"a919793\" data-element_type=\"section\" data-settings=\"{&quot;jet_parallax_layout_list&quot;:[]}\">\n\t\t\t\t\t\t<div class=\"elementor-container elementor-column-gap-default\">\n\t\t\t\t\t<div class=\"elementor-column elementor-col-100 elementor-top-column elementor-element elementor-element-6ea52b6\" data-id=\"6ea52b6\" data-element_type=\"column\">\n\t\t\t<div class=\"elementor-widget-wrap elementor-element-populated\">\n\t\t\t\t\t\t<div class=\"elementor-element elementor-element-7fafc17 elementor-widget elementor-widget-heading\" data-id=\"7fafc17\" data-element_type=\"widget\" data-widget_type=\"heading.default\">\n\t\t\t\t<div class=\"elementor-widget-container\">\n\t\t\t\t\t<h2 class=\"elementor-heading-title elementor-size-default\">Ha tetszett \u00e8s hasznosnak tal\u00e0ltad ezt a tartalmat k\u00e8rlek oszd meg az al\u00e0bbi gombok seg\u00ects\u00e8g\u00e8vel, hogy m\u00e0sok is k\u00f6nnyen megtal\u00e0lhass\u00e0k \u00e8s elolvashass\u00e0k a blog tartalm\u00e0t. K\u00f6sz\u00f6n\u00f6m sz\u00e8pen!<\/h2>\t\t\t\t<\/div>\n\t\t\t\t<\/div>\n\t\t\t\t<div class=\"elementor-element elementor-element-05773c2 elementor-share-buttons--view-text elementor-share-buttons--align-center elementor-share-buttons--color-custom elementor-share-buttons--skin-gradient elementor-share-buttons--shape-square elementor-grid-0 elementor-widget elementor-widget-share-buttons\" data-id=\"05773c2\" data-element_type=\"widget\" data-widget_type=\"share-buttons.default\">\n\t\t\t\t<div class=\"elementor-widget-container\">\n\t\t\t\t\t\t\t<div class=\"elementor-grid\">\n\t\t\t\t\t\t\t\t<div class=\"elementor-grid-item\">\n\t\t\t\t\t\t<div\n\t\t\t\t\t\t\tclass=\"elementor-share-btn elementor-share-btn_facebook\"\n\t\t\t\t\t\t\trole=\"button\"\n\t\t\t\t\t\t\ttabindex=\"0\"\n\t\t\t\t\t\t\taria-label=\"Megoszt\u00e1s itt: facebook\"\n\t\t\t\t\t\t>\n\t\t\t\t\t\t\t\t\t\t\t\t\t\t\t\t\t\t\t\t\t\t<div class=\"elementor-share-btn__text\">\n\t\t\t\t\t\t\t\t\t\t\t\t\t\t\t\t\t\t\t<span class=\"elementor-share-btn__title\">\n\t\t\t\t\t\t\t\t\t\tFacebook\t\t\t\t\t\t\t\t\t<\/span>\n\t\t\t\t\t\t\t\t\t\t\t\t\t\t\t\t\t<\/div>\n\t\t\t\t\t\t\t\t\t\t\t\t\t<\/div>\n\t\t\t\t\t<\/div>\n\t\t\t\t\t\t\t\t\t<div class=\"elementor-grid-item\">\n\t\t\t\t\t\t<div\n\t\t\t\t\t\t\tclass=\"elementor-share-btn elementor-share-btn_twitter\"\n\t\t\t\t\t\t\trole=\"button\"\n\t\t\t\t\t\t\ttabindex=\"0\"\n\t\t\t\t\t\t\taria-label=\"Megoszt\u00e1s itt: twitter\"\n\t\t\t\t\t\t>\n\t\t\t\t\t\t\t\t\t\t\t\t\t\t\t\t\t\t\t\t\t\t<div class=\"elementor-share-btn__text\">\n\t\t\t\t\t\t\t\t\t\t\t\t\t\t\t\t\t\t\t<span class=\"elementor-share-btn__title\">\n\t\t\t\t\t\t\t\t\t\tTwitter\t\t\t\t\t\t\t\t\t<\/span>\n\t\t\t\t\t\t\t\t\t\t\t\t\t\t\t\t\t<\/div>\n\t\t\t\t\t\t\t\t\t\t\t\t\t<\/div>\n\t\t\t\t\t<\/div>\n\t\t\t\t\t\t\t\t\t<div class=\"elementor-grid-item\">\n\t\t\t\t\t\t<div\n\t\t\t\t\t\t\tclass=\"elementor-share-btn elementor-share-btn_linkedin\"\n\t\t\t\t\t\t\trole=\"button\"\n\t\t\t\t\t\t\ttabindex=\"0\"\n\t\t\t\t\t\t\taria-label=\"Megoszt\u00e1s itt: linkedin\"\n\t\t\t\t\t\t>\n\t\t\t\t\t\t\t\t\t\t\t\t\t\t\t\t\t\t\t\t\t\t<div class=\"elementor-share-btn__text\">\n\t\t\t\t\t\t\t\t\t\t\t\t\t\t\t\t\t\t\t<span class=\"elementor-share-btn__title\">\n\t\t\t\t\t\t\t\t\t\tLinkedIn\t\t\t\t\t\t\t\t\t<\/span>\n\t\t\t\t\t\t\t\t\t\t\t\t\t\t\t\t\t<\/div>\n\t\t\t\t\t\t\t\t\t\t\t\t\t<\/div>\n\t\t\t\t\t<\/div>\n\t\t\t\t\t\t\t\t\t<div class=\"elementor-grid-item\">\n\t\t\t\t\t\t<div\n\t\t\t\t\t\t\tclass=\"elementor-share-btn elementor-share-btn_pinterest\"\n\t\t\t\t\t\t\trole=\"button\"\n\t\t\t\t\t\t\ttabindex=\"0\"\n\t\t\t\t\t\t\taria-label=\"Megoszt\u00e1s itt: pinterest\"\n\t\t\t\t\t\t>\n\t\t\t\t\t\t\t\t\t\t\t\t\t\t\t\t\t\t\t\t\t\t<div class=\"elementor-share-btn__text\">\n\t\t\t\t\t\t\t\t\t\t\t\t\t\t\t\t\t\t\t<span class=\"elementor-share-btn__title\">\n\t\t\t\t\t\t\t\t\t\tPinterest\t\t\t\t\t\t\t\t\t<\/span>\n\t\t\t\t\t\t\t\t\t\t\t\t\t\t\t\t\t<\/div>\n\t\t\t\t\t\t\t\t\t\t\t\t\t<\/div>\n\t\t\t\t\t<\/div>\n\t\t\t\t\t\t\t\t\t<div class=\"elementor-grid-item\">\n\t\t\t\t\t\t<div\n\t\t\t\t\t\t\tclass=\"elementor-share-btn elementor-share-btn_whatsapp\"\n\t\t\t\t\t\t\trole=\"button\"\n\t\t\t\t\t\t\ttabindex=\"0\"\n\t\t\t\t\t\t\taria-label=\"Megoszt\u00e1s itt: whatsapp\"\n\t\t\t\t\t\t>\n\t\t\t\t\t\t\t\t\t\t\t\t\t\t\t\t\t\t\t\t\t\t<div class=\"elementor-share-btn__text\">\n\t\t\t\t\t\t\t\t\t\t\t\t\t\t\t\t\t\t\t<span class=\"elementor-share-btn__title\">\n\t\t\t\t\t\t\t\t\t\tWhatsApp\t\t\t\t\t\t\t\t\t<\/span>\n\t\t\t\t\t\t\t\t\t\t\t\t\t\t\t\t\t<\/div>\n\t\t\t\t\t\t\t\t\t\t\t\t\t<\/div>\n\t\t\t\t\t<\/div>\n\t\t\t\t\t\t<\/div>\n\t\t\t\t\t\t<\/div>\n\t\t\t\t<\/div>\n\t\t\t\t\t<\/div>\n\t\t<\/div>\n\t\t\t\t\t<\/div>\n\t\t<\/section>\n\t\t\t\t<\/div>\n\t\t","protected":false},"excerpt":{"rendered":"<p>Kreat\u00ecv \u00f9jrahasznos\u00ect\u00e0s Szem\u00e8ly szerint \u00f9gy v\u00e8lem, hogy a kreat\u00ecv \u00f9jrahasznos\u00ect\u00e0s nem m\u00e0s, mint a tudatos k\u00f6rnyezetv\u00e8delem \u00e8s a k\u00fcl\u00f6nb\u00f6z\u0151 dekor\u00e0ci\u00f2s technik\u00e0k t\u00f6k\u00e8letes egyes\u00fcl\u00e8se. Term\u00e8szetesen nem \u0151rizhet\u00fcnk meg mindent azt mondogatva, hogy el\u0151bb-ut\u00f2bb valamire biztos j\u00f2 lesz, de m\u00e8g miel\u0151tt v\u00e8glegesen megszabaduln\u00e0nk egy idej\u00e8t m\u00f9lt, kicsit megkopott t\u00e0rgyt\u00f2l fontoljuk meg, hogy egy kis fant\u00e0zi\u00e0val \u00e8s k\u00e8z\u00fcgyess\u00e8ggel [&hellip;]<\/p>\n","protected":false},"author":2,"featured_media":0,"parent":0,"menu_order":2,"comment_status":"closed","ping_status":"closed","template":"","meta":{"site-sidebar-layout":"no-sidebar","site-content-layout":"page-builder","ast-site-content-layout":"","site-content-style":"default","site-sidebar-style":"default","ast-global-header-display":"","ast-banner-title-visibility":"","ast-main-header-display":"","ast-hfb-above-header-display":"","ast-hfb-below-header-display":"","ast-hfb-mobile-header-display":"","site-post-title":"disabled","ast-breadcrumbs-content":"","ast-featured-img":"disabled","footer-sml-layout":"","theme-transparent-header-meta":"","adv-header-id-meta":"","stick-header-meta":"","header-above-stick-meta":"","header-main-stick-meta":"","header-below-stick-meta":"","astra-migrate-meta-layouts":"default","ast-page-background-enabled":"default","ast-page-background-meta":{"desktop":{"background-color":"","background-image":"","background-repeat":"repeat","background-position":"center center","background-size":"auto","background-attachment":"scroll","background-type":"","background-media":"","overlay-type":"","overlay-color":"","overlay-opacity":"","overlay-gradient":""},"tablet":{"background-color":"","background-image":"","background-repeat":"repeat","background-position":"center center","background-size":"auto","background-attachment":"scroll","background-type":"","background-media":"","overlay-type":"","overlay-color":"","overlay-opacity":"","overlay-gradient":""},"mobile":{"background-color":"","background-image":"","background-repeat":"repeat","background-position":"center center","background-size":"auto","background-attachment":"scroll","background-type":"","background-media":"","overlay-type":"","overlay-color":"","overlay-opacity":"","overlay-gradient":""}},"ast-content-background-meta":{"desktop":{"background-color":"var(--ast-global-color-5)","background-image":"","background-repeat":"repeat","background-position":"center center","background-size":"auto","background-attachment":"scroll","background-type":"","background-media":"","overlay-type":"","overlay-color":"","overlay-opacity":"","overlay-gradient":""},"tablet":{"background-color":"var(--ast-global-color-5)","background-image":"","background-repeat":"repeat","background-position":"center center","background-size":"auto","background-attachment":"scroll","background-type":"","background-media":"","overlay-type":"","overlay-color":"","overlay-opacity":"","overlay-gradient":""},"mobile":{"background-color":"var(--ast-global-color-5)","background-image":"","background-repeat":"repeat","background-position":"center center","background-size":"auto","background-attachment":"scroll","background-type":"","background-media":"","overlay-type":"","overlay-color":"","overlay-opacity":"","overlay-gradient":""}},"footnotes":""},"class_list":["post-800","page","type-page","status-publish","hentry"],"_links":{"self":[{"href":"https:\/\/evibossanyi.com\/hu\/wp-json\/wp\/v2\/pages\/800","targetHints":{"allow":["GET"]}}],"collection":[{"href":"https:\/\/evibossanyi.com\/hu\/wp-json\/wp\/v2\/pages"}],"about":[{"href":"https:\/\/evibossanyi.com\/hu\/wp-json\/wp\/v2\/types\/page"}],"author":[{"embeddable":true,"href":"https:\/\/evibossanyi.com\/hu\/wp-json\/wp\/v2\/users\/2"}],"replies":[{"embeddable":true,"href":"https:\/\/evibossanyi.com\/hu\/wp-json\/wp\/v2\/comments?post=800"}],"version-history":[{"count":0,"href":"https:\/\/evibossanyi.com\/hu\/wp-json\/wp\/v2\/pages\/800\/revisions"}],"wp:attachment":[{"href":"https:\/\/evibossanyi.com\/hu\/wp-json\/wp\/v2\/media?parent=800"}],"curies":[{"name":"wp","href":"https:\/\/api.w.org\/{rel}","templated":true}]}}