{"id":788,"date":"2020-05-15T07:20:19","date_gmt":"2020-05-15T07:20:19","guid":{"rendered":"http:\/\/35.214.197.192\/~evibossanyi\/rolam\/"},"modified":"2021-08-30T12:02:18","modified_gmt":"2021-08-30T12:02:18","slug":"rolam","status":"publish","type":"page","link":"https:\/\/evibossanyi.com\/hu\/rolam\/","title":{"rendered":"R\u00f2lam"},"content":{"rendered":"\t\t<div data-elementor-type=\"wp-page\" data-elementor-id=\"788\" class=\"elementor elementor-788 elementor-264\" data-elementor-post-type=\"page\">\n\t\t\t\t\t\t<section class=\"elementor-section elementor-top-section elementor-element elementor-element-1be98cdb elementor-section-boxed elementor-section-height-default elementor-section-height-default\" data-id=\"1be98cdb\" data-element_type=\"section\" data-settings=\"{&quot;jet_parallax_layout_list&quot;:[]}\">\n\t\t\t\t\t\t<div class=\"elementor-container elementor-column-gap-default\">\n\t\t\t\t\t<div class=\"elementor-column elementor-col-100 elementor-top-column elementor-element elementor-element-4691969d\" data-id=\"4691969d\" data-element_type=\"column\">\n\t\t\t<div class=\"elementor-widget-wrap elementor-element-populated\">\n\t\t\t\t\t\t<section class=\"elementor-section elementor-inner-section elementor-element elementor-element-56d6bad elementor-section-boxed elementor-section-height-default elementor-section-height-default\" data-id=\"56d6bad\" data-element_type=\"section\" data-settings=\"{&quot;jet_parallax_layout_list&quot;:[]}\">\n\t\t\t\t\t\t<div class=\"elementor-container elementor-column-gap-default\">\n\t\t\t\t\t<div class=\"elementor-column elementor-col-50 elementor-inner-column elementor-element elementor-element-d0fce21\" data-id=\"d0fce21\" data-element_type=\"column\">\n\t\t\t<div class=\"elementor-widget-wrap elementor-element-populated\">\n\t\t\t\t\t\t<div class=\"elementor-element elementor-element-a2c96c4 elementor-widget elementor-widget-image\" data-id=\"a2c96c4\" data-element_type=\"widget\" data-widget_type=\"image.default\">\n\t\t\t\t<div class=\"elementor-widget-container\">\n\t\t\t\t\t\t\t\t\t\t\t\t\t\t\t<img fetchpriority=\"high\" decoding=\"async\" width=\"1024\" height=\"1024\" src=\"https:\/\/evibossanyi.com\/wp-content\/uploads\/2021\/08\/Evi-Bossanyi-foto-1-1024x1024.png\" class=\"attachment-large size-large wp-image-4344\" alt=\"\" srcset=\"https:\/\/evibossanyi.com\/wp-content\/uploads\/2021\/08\/Evi-Bossanyi-foto-1-1024x1024.png 1024w, https:\/\/evibossanyi.com\/wp-content\/uploads\/2021\/08\/Evi-Bossanyi-foto-1-300x300.png 300w, https:\/\/evibossanyi.com\/wp-content\/uploads\/2021\/08\/Evi-Bossanyi-foto-1-100x100.png 100w, https:\/\/evibossanyi.com\/wp-content\/uploads\/2021\/08\/Evi-Bossanyi-foto-1-600x600.png 600w, https:\/\/evibossanyi.com\/wp-content\/uploads\/2021\/08\/Evi-Bossanyi-foto-1-150x150.png 150w, https:\/\/evibossanyi.com\/wp-content\/uploads\/2021\/08\/Evi-Bossanyi-foto-1-768x768.png 768w, https:\/\/evibossanyi.com\/wp-content\/uploads\/2021\/08\/Evi-Bossanyi-foto-1.png 1080w\" sizes=\"(max-width: 1024px) 100vw, 1024px\" \/>\t\t\t\t\t\t\t\t\t\t\t\t\t\t\t<\/div>\n\t\t\t\t<\/div>\n\t\t\t\t\t<\/div>\n\t\t<\/div>\n\t\t\t\t<div class=\"elementor-column elementor-col-50 elementor-inner-column elementor-element elementor-element-ddb598b\" data-id=\"ddb598b\" data-element_type=\"column\">\n\t\t\t<div class=\"elementor-widget-wrap elementor-element-populated\">\n\t\t\t\t\t\t<div class=\"elementor-element elementor-element-16ddd560 elementor-widget elementor-widget-heading\" data-id=\"16ddd560\" data-element_type=\"widget\" data-widget_type=\"heading.default\">\n\t\t\t\t<div class=\"elementor-widget-container\">\n\t\t\t\t\t<h2 class=\"elementor-heading-title elementor-size-default\">N\u00e8h\u00e0ny sz\u00f2 magamr\u00f2l\u2026<\/h2>\t\t\t\t<\/div>\n\t\t\t\t<\/div>\n\t\t\t\t<div class=\"elementor-element elementor-element-448de17e elementor-widget elementor-widget-text-editor\" data-id=\"448de17e\" data-element_type=\"widget\" data-widget_type=\"text-editor.default\">\n\t\t\t\t<div class=\"elementor-widget-container\">\n\t\t\t\t\t\t\t\t\t<p><span style=\"font-weight: 400;\">Boss\u00e0nyi \u00c8vi vagyok, P\u00e8csen sz\u00fclettem de m\u00e0r t\u00f6bb mint tizen\u00f6t \u00e8ve Olaszorsz\u00e0gban, Grosseto v\u00e0ros\u00e0ban \u00e8lek, ahov\u00e0 a p\u00e0rom r\u00e8v\u00e8n ker\u00fcltem.<\/span><\/p>\n<p><span style=\"font-weight: 400;\">Gyermekkorom \u00f2ta szeretek b\u00e0rmilyen fajta k\u00e8zm\u0171ves tev\u00e8kenys\u00e8ggel foglalkozni \u00e8s id\u0151vel a kedvenc id\u0151t\u00f6lt\u00e8sem a hivat\u00e0somm\u00e0 is v\u00e0lt.<\/span><\/p>\n<p><span style=\"font-weight: 400;\">\u00c8vek \u00f2ta tanulm\u00e0nyozom, kutatom \u00e8s k\u00ecs\u00e8rletezek a k\u00fcl\u00f6nf\u00e8le k\u00e8zm\u0171ves \u00e8s kreat\u00ecv hobby technik\u00e0kkal hogy a legt\u00f6k\u00e8letesebben siker\u00fclj\u00f6n megval\u00f2s\u00ectanom egy-egy meg\u00e0lmodott \u00f6tletet. Pontosan ez\u00e8rt t\u00f6bbf\u00e8le anyagot is felhaszn\u00e0lok az alkot\u00e0saimhoz, \u00f9gy mint \u00f9jrahasznos\u00ecthat\u00f2 elemeket, k\u00fcl\u00f6nb\u00f6z\u0151 vastags\u00e0g\u00f9 filceket \u00e8s m\u00e8g sok minden m\u00e0st. Szeretek minden olyan k\u00ecs\u00e8rletet amelyek \u00e0ltal siker\u00fcl olyan felhaszn\u00e0l\u00e0si ter\u00fcleket is felfedeznem, amelyek nem \u00e8ppen mindennaposak.<\/span><\/p>\n\t\t\t\t\t\t\t\t<\/div>\n\t\t\t\t<\/div>\n\t\t\t\t\t<\/div>\n\t\t<\/div>\n\t\t\t\t\t<\/div>\n\t\t<\/section>\n\t\t\t\t<div class=\"elementor-element elementor-element-a523a18 elementor-widget elementor-widget-text-editor\" data-id=\"a523a18\" data-element_type=\"widget\" data-widget_type=\"text-editor.default\">\n\t\t\t\t<div class=\"elementor-widget-container\">\n\t\t\t\t\t\t\t\t\t<p><span style=\"font-weight: 400;\">Ki nem \u00e0llhatom a jellegtelen, tucatsz\u00e0mra gy\u00e0rtott dolgokat, ez\u00e8rt az alkot\u00e0saim mind egyedi darabok vagy legal\u00e0bbis nagyon kis p\u00e8ld\u00e0nysz\u00e0mban k\u00e8sz\u00fclnek. Minden megrendel\u00e8sre k\u00e8sz\u00fclt darab eset\u00e8ben, m\u00e8g a munka megkezd\u00e8se el\u0151tt apr\u00f2l\u00e8kosan kidolgozok minden r\u00e8szletet, hogy a megrendel\u0151im minden ig\u00e8ny\u00e8nek eleget tudjak tenni.<\/span><\/p>\n<p><span style=\"font-weight: 400;\">Az egyik nagy szenved\u00e8lyem a pap\u00ecrfon\u00e0s, mivel ez a technika \u00e0ll az \u00e8letfelfog\u00e0somhoz a legk\u00f6zelebb: \u00f9jrahasznos\u00ectani \u00e8s valami hasznosat alkotni. Hossz\u00f9 \u00e8vek szem\u00e8lyes tapasztalata alapj\u00e0n kifejlesztettem a saj\u00e0t m\u00f2dszeremet, ez\u00e0ltal lehet\u0151s\u00e8gem ny\u00eclik nemcsak arra, hogy felh\u00ecvjam a figyelmet az \u00f9jrahasznos\u00ect\u00e0s fontoss\u00e0g\u00e0ra, hanem arra is, hogy megismertessem gyermekekkel \u00e8s feln\u0151ttekkel egyar\u00e0nt a fon\u00e0s \u0151sr\u00e8gi m\u0171v\u00e8szet\u00e8t. Az k\u00fcl\u00f6nb\u00f6z\u0151 alap- \u00e8s k\u00f6z\u00e8pszint\u0171 foglalkoz\u00e0sok sor\u00e0n b\u00e0rki elsaj\u00e0t\u00ecthatja a technika alapjait illetve tov\u00e0bbfejlesztheti a m\u00e0r megismert m\u00f2dszereket.<\/span><\/p>\n<p><span style=\"font-weight: 400;\">N\u00e8h\u00e0ny \u00e8ve megismerkedtem a varr\u00e0s egyik kreat\u00ecv v\u00e0llfaj\u00e0val is, ezekhez az alkot\u00e0saimhoz \u00e0ltal\u00e0ban k\u00fcl\u00f6nb\u00f6z\u0151 vastags\u00e0g\u00f9 filceket haszn\u00e0lok \u00e8s pr\u00f2b\u00e0lok a megszokott\u00f2l elt\u00e8r\u0151, alternat\u00ecv haszn\u00e0lati m\u00f2dszereket is kidolgozni.<\/span><\/p>\n<p>2015-t\u0151l eg\u00e8szen az idei \u00e8vig \u00a0egy\u00fcttm\u0171k\u00f6dtem a mil\u00e0n\u00f2i Lumina Kiad\u00f2val, a k\u00e8zm\u0171ves \u00e8s hobby szektor vezet\u0151 kiad\u00f2v\u00e0llalat\u00e0val. Az alkot\u00e0saim, kreat\u00ecv \u00f6tleteim rendszeresen megjelentek az \u00e0ltaluk kiadott <span style=\"font-size: 16px; font-style: normal; font-weight: 400;\">havi illetve negyed\u00e8ves magazinokban<\/span> (Arte del Decorare, Cucito Creativo, Feltro Creativo Facile).\u00a0 Jelenleg, a kiad\u00f2 megsz\u0171n\u00e8se miatt, a weboldalamon illetve a k\u00f6z\u00f6ss\u00e8gi oldalakon szem\u00e8lyesen pubblik\u00e0lom az \u00f9j kreat\u00ecv \u00f6tleteket.<\/p>\n<p><span style=\"font-weight: 400;\">Ezen k\u00ecv\u0171l r\u00e8szt veszek a legjelent\u0151sebb szakmai v\u00e0s\u00e0rokon, ahol foglalkoz\u00e0sok keret\u00e8ben igyekszem \u00e0tadni a szakmai ismereteimet.<\/span><\/p>\n\t\t\t\t\t\t\t\t<\/div>\n\t\t\t\t<\/div>\n\t\t\t\t<div class=\"elementor-element elementor-element-1b67431 elementor-widget elementor-widget-text-editor\" data-id=\"1b67431\" data-element_type=\"widget\" data-widget_type=\"text-editor.default\">\n\t\t\t\t<div class=\"elementor-widget-container\">\n\t\t\t\t\t\t\t\t\t<h2 style=\"text-align: center;\"><span style=\"font-weight: 400; color: #81b1d9;\">\u00ccrj, ha b\u00e0rmelyik k\u00e8zm\u0171ves, kreat\u00ecv hobby technik\u00e0val szeretn\u00e8l k\u00f6zelebbr\u0151l is megismerkedni, egyedi \u00e8s csoportos foglkoz\u00e0saimon r\u00e8szt venni, amelyeket ig\u00e8ny szerint szak\u00fczletekben, kult\u00f9r\u00e0lis egyes\u00fcletekn\u00e8l illetve mag\u00e0nszem\u00e8lyekn\u00e8l egyar\u00e0nt tartok!\u00a0<\/span><\/h2>\n\t\t\t\t\t\t\t\t<\/div>\n\t\t\t\t<\/div>\n\t\t\t\t<div class=\"elementor-element elementor-element-8f9b5fe elementor-button-align-center elementor-widget elementor-widget-form\" data-id=\"8f9b5fe\" data-element_type=\"widget\" data-settings=\"{&quot;step_next_label&quot;:&quot;Successivo&quot;,&quot;step_previous_label&quot;:&quot;Precedente&quot;,&quot;button_width&quot;:&quot;100&quot;,&quot;step_type&quot;:&quot;number_text&quot;,&quot;step_icon_shape&quot;:&quot;circle&quot;}\" data-widget_type=\"form.default\">\n\t\t\t\t<div class=\"elementor-widget-container\">\n\t\t\t\t\t\t\t<form class=\"elementor-form\" method=\"post\" name=\"\u00daj modul\">\n\t\t\t<input type=\"hidden\" name=\"post_id\" value=\"788\"\/>\n\t\t\t<input type=\"hidden\" name=\"form_id\" value=\"8f9b5fe\"\/>\n\t\t\t<input type=\"hidden\" name=\"referer_title\" value=\"\" \/>\n\n\t\t\t\n\t\t\t<div class=\"elementor-form-fields-wrapper elementor-labels-above\">\n\t\t\t\t\t\t\t\t<div class=\"elementor-field-type-text elementor-field-group elementor-column elementor-field-group-name elementor-col-100\">\n\t\t\t\t\t\t\t\t\t\t\t\t<label for=\"form-field-name\" class=\"elementor-field-label\">\n\t\t\t\t\t\t\t\tKeresztn\u00e8v\t\t\t\t\t\t\t<\/label>\n\t\t\t\t\t\t\t\t\t\t\t\t\t\t<input size=\"1\" type=\"text\" name=\"form_fields[name]\" id=\"form-field-name\" class=\"elementor-field elementor-size-sm  elementor-field-textual\" placeholder=\"Keresztn\u00e8v\">\n\t\t\t\t\t\t\t\t\t\t\t<\/div>\n\t\t\t\t\t\t\t\t<div class=\"elementor-field-type-email elementor-field-group elementor-column elementor-field-group-email elementor-col-100 elementor-field-required\">\n\t\t\t\t\t\t\t\t\t\t\t\t<label for=\"form-field-email\" class=\"elementor-field-label\">\n\t\t\t\t\t\t\t\tEmail\t\t\t\t\t\t\t<\/label>\n\t\t\t\t\t\t\t\t\t\t\t\t\t\t<input size=\"1\" type=\"email\" name=\"form_fields[email]\" id=\"form-field-email\" class=\"elementor-field elementor-size-sm  elementor-field-textual\" placeholder=\"Email\" required=\"required\">\n\t\t\t\t\t\t\t\t\t\t\t<\/div>\n\t\t\t\t\t\t\t\t<div class=\"elementor-field-type-textarea elementor-field-group elementor-column elementor-field-group-message elementor-col-100\">\n\t\t\t\t\t\t\t\t\t\t\t\t<label for=\"form-field-message\" class=\"elementor-field-label\">\n\t\t\t\t\t\t\t\t\u00dczenet\t\t\t\t\t\t\t<\/label>\n\t\t\t\t\t\t<textarea class=\"elementor-field-textual elementor-field  elementor-size-sm\" name=\"form_fields[message]\" id=\"form-field-message\" rows=\"4\" placeholder=\"\u00dczenet\"><\/textarea>\t\t\t\t<\/div>\n\t\t\t\t\t\t\t\t<div class=\"elementor-field-group elementor-column elementor-field-type-submit elementor-col-100 e-form__buttons\">\n\t\t\t\t\t<button class=\"elementor-button elementor-size-md\" type=\"submit\">\n\t\t\t\t\t\t<span class=\"elementor-button-content-wrapper\">\n\t\t\t\t\t\t\t\t\t\t\t\t\t\t\t\t\t\t\t\t\t\t<span class=\"elementor-button-text\">K\u00fcld\u00e8s<\/span>\n\t\t\t\t\t\t\t\t\t\t\t\t\t<\/span>\n\t\t\t\t\t<\/button>\n\t\t\t\t<\/div>\n\t\t\t<\/div>\n\t\t<\/form>\n\t\t\t\t\t\t<\/div>\n\t\t\t\t<\/div>\n\t\t\t\t\t<\/div>\n\t\t<\/div>\n\t\t\t\t\t<\/div>\n\t\t<\/section>\n\t\t\t\t<\/div>\n\t\t","protected":false},"excerpt":{"rendered":"<p>N\u00e8h\u00e0ny sz\u00f2 magamr\u00f2l\u2026 Boss\u00e0nyi \u00c8vi vagyok, P\u00e8csen sz\u00fclettem de m\u00e0r t\u00f6bb mint tizen\u00f6t \u00e8ve Olaszorsz\u00e0gban, Grosseto v\u00e0ros\u00e0ban \u00e8lek, ahov\u00e0 a p\u00e0rom r\u00e8v\u00e8n ker\u00fcltem. Gyermekkorom \u00f2ta szeretek b\u00e0rmilyen fajta k\u00e8zm\u0171ves tev\u00e8kenys\u00e8ggel foglalkozni \u00e8s id\u0151vel a kedvenc id\u0151t\u00f6lt\u00e8sem a hivat\u00e0somm\u00e0 is v\u00e0lt. \u00c8vek \u00f2ta tanulm\u00e0nyozom, kutatom \u00e8s k\u00ecs\u00e8rletezek a k\u00fcl\u00f6nf\u00e8le k\u00e8zm\u0171ves \u00e8s kreat\u00ecv hobby technik\u00e0kkal hogy a [&hellip;]<\/p>\n","protected":false},"author":2,"featured_media":0,"parent":0,"menu_order":6,"comment_status":"closed","ping_status":"closed","template":"","meta":{"site-sidebar-layout":"no-sidebar","site-content-layout":"page-builder","ast-site-content-layout":"","site-content-style":"default","site-sidebar-style":"default","ast-global-header-display":"","ast-banner-title-visibility":"","ast-main-header-display":"","ast-hfb-above-header-display":"","ast-hfb-below-header-display":"","ast-hfb-mobile-header-display":"","site-post-title":"disabled","ast-breadcrumbs-content":"","ast-featured-img":"disabled","footer-sml-layout":"","theme-transparent-header-meta":"default","adv-header-id-meta":"","stick-header-meta":"","header-above-stick-meta":"","header-main-stick-meta":"","header-below-stick-meta":"","astra-migrate-meta-layouts":"default","ast-page-background-enabled":"default","ast-page-background-meta":{"desktop":{"background-color":"","background-image":"","background-repeat":"repeat","background-position":"center center","background-size":"auto","background-attachment":"scroll","background-type":"","background-media":"","overlay-type":"","overlay-color":"","overlay-opacity":"","overlay-gradient":""},"tablet":{"background-color":"","background-image":"","background-repeat":"repeat","background-position":"center center","background-size":"auto","background-attachment":"scroll","background-type":"","background-media":"","overlay-type":"","overlay-color":"","overlay-opacity":"","overlay-gradient":""},"mobile":{"background-color":"","background-image":"","background-repeat":"repeat","background-position":"center center","background-size":"auto","background-attachment":"scroll","background-type":"","background-media":"","overlay-type":"","overlay-color":"","overlay-opacity":"","overlay-gradient":""}},"ast-content-background-meta":{"desktop":{"background-color":"var(--ast-global-color-5)","background-image":"","background-repeat":"repeat","background-position":"center center","background-size":"auto","background-attachment":"scroll","background-type":"","background-media":"","overlay-type":"","overlay-color":"","overlay-opacity":"","overlay-gradient":""},"tablet":{"background-color":"var(--ast-global-color-5)","background-image":"","background-repeat":"repeat","background-position":"center center","background-size":"auto","background-attachment":"scroll","background-type":"","background-media":"","overlay-type":"","overlay-color":"","overlay-opacity":"","overlay-gradient":""},"mobile":{"background-color":"var(--ast-global-color-5)","background-image":"","background-repeat":"repeat","background-position":"center center","background-size":"auto","background-attachment":"scroll","background-type":"","background-media":"","overlay-type":"","overlay-color":"","overlay-opacity":"","overlay-gradient":""}},"footnotes":""},"class_list":["post-788","page","type-page","status-publish","hentry"],"_links":{"self":[{"href":"https:\/\/evibossanyi.com\/hu\/wp-json\/wp\/v2\/pages\/788","targetHints":{"allow":["GET"]}}],"collection":[{"href":"https:\/\/evibossanyi.com\/hu\/wp-json\/wp\/v2\/pages"}],"about":[{"href":"https:\/\/evibossanyi.com\/hu\/wp-json\/wp\/v2\/types\/page"}],"author":[{"embeddable":true,"href":"https:\/\/evibossanyi.com\/hu\/wp-json\/wp\/v2\/users\/2"}],"replies":[{"embeddable":true,"href":"https:\/\/evibossanyi.com\/hu\/wp-json\/wp\/v2\/comments?post=788"}],"version-history":[{"count":0,"href":"https:\/\/evibossanyi.com\/hu\/wp-json\/wp\/v2\/pages\/788\/revisions"}],"wp:attachment":[{"href":"https:\/\/evibossanyi.com\/hu\/wp-json\/wp\/v2\/media?parent=788"}],"curies":[{"name":"wp","href":"https:\/\/api.w.org\/{rel}","templated":true}]}}