{"id":1289,"date":"2020-05-19T16:56:27","date_gmt":"2020-05-19T16:56:27","guid":{"rendered":"http:\/\/35.214.197.192\/~evibossanyi\/egyuttmukodo-partnereim\/"},"modified":"2021-01-20T09:24:41","modified_gmt":"2021-01-20T09:24:41","slug":"egyuttmukodo-partnereim","status":"publish","type":"page","link":"https:\/\/evibossanyi.com\/hu\/egyuttmukodo-partnereim\/","title":{"rendered":"Egy\u00fcttm\u0171k\u00f6d\u0151 partnereim"},"content":{"rendered":"\t\t<div data-elementor-type=\"wp-page\" data-elementor-id=\"1289\" class=\"elementor elementor-1289 elementor-270\" data-elementor-post-type=\"page\">\n\t\t\t\t\t\t<section class=\"elementor-section elementor-top-section elementor-element elementor-element-d7ed35d elementor-section-boxed elementor-section-height-default elementor-section-height-default\" data-id=\"d7ed35d\" data-element_type=\"section\" data-settings=\"{&quot;jet_parallax_layout_list&quot;:[]}\">\n\t\t\t\t\t\t<div class=\"elementor-container elementor-column-gap-default\">\n\t\t\t\t\t<div class=\"elementor-column elementor-col-100 elementor-top-column elementor-element elementor-element-e7e4b71\" data-id=\"e7e4b71\" data-element_type=\"column\">\n\t\t\t<div class=\"elementor-widget-wrap elementor-element-populated\">\n\t\t\t\t\t\t<div class=\"elementor-element elementor-element-c7a99fe elementor-widget elementor-widget-heading\" data-id=\"c7a99fe\" data-element_type=\"widget\" data-widget_type=\"heading.default\">\n\t\t\t\t<div class=\"elementor-widget-container\">\n\t\t\t\t\t<h1 class=\"elementor-heading-title elementor-size-default\">Egy\u00fcttm\u0171k\u00f6d\u0151 partnereim<\/h1>\t\t\t\t<\/div>\n\t\t\t\t<\/div>\n\t\t\t\t<div class=\"elementor-element elementor-element-714152a elementor-widget elementor-widget-text-editor\" data-id=\"714152a\" data-element_type=\"widget\" data-widget_type=\"text-editor.default\">\n\t\t\t\t<div class=\"elementor-widget-container\">\n\t\t\t\t\t\t\t\t\t<p>2015-t\u0151l eg\u00e8szen az idei \u00e8vig \u00a0egy\u00fcttm\u0171k\u00f6dtem a mil\u00e0n\u00f2i Lumina Kiad\u00f2val, a k\u00e8zm\u0171ves \u00e8s hobby szektor vezet\u0151 kiad\u00f2v\u00e0llalat\u00e0val. Az alkot\u00e0saim, kreat\u00ecv \u00f6tleteim rendszeresen megjelentek az \u00e0ltaluk kiadott <span style=\"font-size: 16px; font-style: normal; font-weight: 400;\">havi illetve negyed\u00e8ves magazinokban<\/span> (Arte del Decorare, Cucito Creativo, Feltro Creativo Facile).\u00a0 Jelenleg, a kiad\u00f2 megsz\u0171n\u00e8se miatt, a weboldalamon illetve a k\u00f6z\u00f6ss\u00e8gi oldalakon szem\u00e8lyesen pubblik\u00e0lom az \u00f9j kreat\u00ecv \u00f6tleteket.<\/p>\n\t\t\t\t\t\t\t\t<\/div>\n\t\t\t\t<\/div>\n\t\t\t\t\t<\/div>\n\t\t<\/div>\n\t\t\t\t\t<\/div>\n\t\t<\/section>\n\t\t\t\t<section class=\"elementor-section elementor-top-section elementor-element elementor-element-88849a7 elementor-section-boxed elementor-section-height-default elementor-section-height-default\" data-id=\"88849a7\" data-element_type=\"section\" data-settings=\"{&quot;jet_parallax_layout_list&quot;:[]}\">\n\t\t\t\t\t\t<div class=\"elementor-container elementor-column-gap-default\">\n\t\t\t\t\t<div class=\"elementor-column elementor-col-33 elementor-top-column elementor-element elementor-element-980906c\" data-id=\"980906c\" data-element_type=\"column\">\n\t\t\t<div class=\"elementor-widget-wrap elementor-element-populated\">\n\t\t\t\t\t\t<div class=\"elementor-element elementor-element-ccc60c9 elementor-widget elementor-widget-image\" data-id=\"ccc60c9\" data-element_type=\"widget\" data-widget_type=\"image.default\">\n\t\t\t\t<div class=\"elementor-widget-container\">\n\t\t\t\t\t\t\t\t\t\t\t\t\t\t\t<img fetchpriority=\"high\" decoding=\"async\" width=\"500\" height=\"384\" src=\"https:\/\/evibossanyi.com\/wp-content\/uploads\/2020\/03\/edizioni-lumina-logo.png\" class=\"attachment-large size-large wp-image-1291\" alt=\"\" srcset=\"https:\/\/evibossanyi.com\/wp-content\/uploads\/2020\/03\/edizioni-lumina-logo.png 500w, https:\/\/evibossanyi.com\/wp-content\/uploads\/2020\/03\/edizioni-lumina-logo-300x230.png 300w\" sizes=\"(max-width: 500px) 100vw, 500px\" \/>\t\t\t\t\t\t\t\t\t\t\t\t\t\t\t<\/div>\n\t\t\t\t<\/div>\n\t\t\t\t\t<\/div>\n\t\t<\/div>\n\t\t\t\t<div class=\"elementor-column elementor-col-33 elementor-top-column elementor-element elementor-element-a0467d6\" data-id=\"a0467d6\" data-element_type=\"column\">\n\t\t\t<div class=\"elementor-widget-wrap elementor-element-populated\">\n\t\t\t\t\t\t<div class=\"elementor-element elementor-element-e41503b elementor-widget elementor-widget-image\" data-id=\"e41503b\" data-element_type=\"widget\" data-widget_type=\"image.default\">\n\t\t\t\t<div class=\"elementor-widget-container\">\n\t\t\t\t\t\t\t\t\t\t\t\t\t\t\t<img decoding=\"async\" width=\"446\" height=\"360\" src=\"https:\/\/evibossanyi.com\/wp-content\/uploads\/2020\/03\/Schermata-2020-02-26-alle-5.56.09-PM.png\" class=\"attachment-large size-large wp-image-786\" alt=\"\" srcset=\"https:\/\/evibossanyi.com\/wp-content\/uploads\/2020\/03\/Schermata-2020-02-26-alle-5.56.09-PM.png 446w, https:\/\/evibossanyi.com\/wp-content\/uploads\/2020\/03\/Schermata-2020-02-26-alle-5.56.09-PM-300x242.png 300w\" sizes=\"(max-width: 446px) 100vw, 446px\" \/>\t\t\t\t\t\t\t\t\t\t\t\t\t\t\t<\/div>\n\t\t\t\t<\/div>\n\t\t\t\t\t<\/div>\n\t\t<\/div>\n\t\t\t\t<div class=\"elementor-column elementor-col-33 elementor-top-column elementor-element elementor-element-3cc1980\" data-id=\"3cc1980\" data-element_type=\"column\">\n\t\t\t<div class=\"elementor-widget-wrap elementor-element-populated\">\n\t\t\t\t\t\t<div class=\"elementor-element elementor-element-7b90e10 elementor-widget elementor-widget-image\" data-id=\"7b90e10\" data-element_type=\"widget\" data-widget_type=\"image.default\">\n\t\t\t\t<div class=\"elementor-widget-container\">\n\t\t\t\t\t\t\t\t\t\t\t\t\t\t\t<img decoding=\"async\" width=\"430\" height=\"250\" src=\"https:\/\/evibossanyi.com\/wp-content\/uploads\/2020\/03\/Schermata-2020-02-26-alle-5.56.14-PM.png\" class=\"attachment-large size-large wp-image-785\" alt=\"\" srcset=\"https:\/\/evibossanyi.com\/wp-content\/uploads\/2020\/03\/Schermata-2020-02-26-alle-5.56.14-PM.png 430w, https:\/\/evibossanyi.com\/wp-content\/uploads\/2020\/03\/Schermata-2020-02-26-alle-5.56.14-PM-300x174.png 300w\" sizes=\"(max-width: 430px) 100vw, 430px\" \/>\t\t\t\t\t\t\t\t\t\t\t\t\t\t\t<\/div>\n\t\t\t\t<\/div>\n\t\t\t\t\t<\/div>\n\t\t<\/div>\n\t\t\t\t\t<\/div>\n\t\t<\/section>\n\t\t\t\t<section class=\"elementor-section elementor-top-section elementor-element elementor-element-d66a86a elementor-section-boxed elementor-section-height-default elementor-section-height-default\" data-id=\"d66a86a\" data-element_type=\"section\" data-settings=\"{&quot;jet_parallax_layout_list&quot;:[]}\">\n\t\t\t\t\t\t<div class=\"elementor-container elementor-column-gap-default\">\n\t\t\t\t\t<div class=\"elementor-column elementor-col-50 elementor-top-column elementor-element elementor-element-6de0924\" data-id=\"6de0924\" data-element_type=\"column\">\n\t\t\t<div class=\"elementor-widget-wrap elementor-element-populated\">\n\t\t\t\t\t\t<div class=\"elementor-element elementor-element-efb4c8a elementor-widget elementor-widget-image\" data-id=\"efb4c8a\" data-element_type=\"widget\" data-widget_type=\"image.default\">\n\t\t\t\t<div class=\"elementor-widget-container\">\n\t\t\t\t\t\t\t\t\t\t\t\t\t\t\t<img loading=\"lazy\" decoding=\"async\" width=\"614\" height=\"152\" src=\"https:\/\/evibossanyi.com\/wp-content\/uploads\/2020\/03\/2020-03-11-16_50_17-Window.png\" class=\"attachment-large size-large wp-image-1293\" alt=\"\" srcset=\"https:\/\/evibossanyi.com\/wp-content\/uploads\/2020\/03\/2020-03-11-16_50_17-Window.png 614w, https:\/\/evibossanyi.com\/wp-content\/uploads\/2020\/03\/2020-03-11-16_50_17-Window-600x149.png 600w, https:\/\/evibossanyi.com\/wp-content\/uploads\/2020\/03\/2020-03-11-16_50_17-Window-300x74.png 300w\" sizes=\"(max-width: 614px) 100vw, 614px\" \/>\t\t\t\t\t\t\t\t\t\t\t\t\t\t\t<\/div>\n\t\t\t\t<\/div>\n\t\t\t\t\t<\/div>\n\t\t<\/div>\n\t\t\t\t<div class=\"elementor-column elementor-col-50 elementor-top-column elementor-element elementor-element-6a2dc4f\" data-id=\"6a2dc4f\" data-element_type=\"column\">\n\t\t\t<div class=\"elementor-widget-wrap elementor-element-populated\">\n\t\t\t\t\t\t<div class=\"elementor-element elementor-element-2a124ef elementor-widget elementor-widget-image\" data-id=\"2a124ef\" data-element_type=\"widget\" data-widget_type=\"image.default\">\n\t\t\t\t<div class=\"elementor-widget-container\">\n\t\t\t\t\t\t\t\t\t\t\t\t\t\t\t<img loading=\"lazy\" decoding=\"async\" width=\"524\" height=\"200\" src=\"https:\/\/evibossanyi.com\/wp-content\/uploads\/2020\/03\/hobbydonna.png\" class=\"attachment-large size-large wp-image-1295\" alt=\"\" srcset=\"https:\/\/evibossanyi.com\/wp-content\/uploads\/2020\/03\/hobbydonna.png 524w, https:\/\/evibossanyi.com\/wp-content\/uploads\/2020\/03\/hobbydonna-300x115.png 300w\" sizes=\"(max-width: 524px) 100vw, 524px\" \/>\t\t\t\t\t\t\t\t\t\t\t\t\t\t\t<\/div>\n\t\t\t\t<\/div>\n\t\t\t\t\t<\/div>\n\t\t<\/div>\n\t\t\t\t\t<\/div>\n\t\t<\/section>\n\t\t\t\t<\/div>\n\t\t","protected":false},"excerpt":{"rendered":"<p>Egy\u00fcttm\u0171k\u00f6d\u0151 partnereim 2015-t\u0151l eg\u00e8szen az idei \u00e8vig \u00a0egy\u00fcttm\u0171k\u00f6dtem a mil\u00e0n\u00f2i Lumina Kiad\u00f2val, a k\u00e8zm\u0171ves \u00e8s hobby szektor vezet\u0151 kiad\u00f2v\u00e0llalat\u00e0val. Az alkot\u00e0saim, kreat\u00ecv \u00f6tleteim rendszeresen megjelentek az \u00e0ltaluk kiadott havi illetve negyed\u00e8ves magazinokban (Arte del Decorare, Cucito Creativo, Feltro Creativo Facile).\u00a0 Jelenleg, a kiad\u00f2 megsz\u0171n\u00e8se miatt, a weboldalamon illetve a k\u00f6z\u00f6ss\u00e8gi oldalakon szem\u00e8lyesen pubblik\u00e0lom az \u00f9j [&hellip;]<\/p>\n","protected":false},"author":2,"featured_media":0,"parent":0,"menu_order":7,"comment_status":"closed","ping_status":"closed","template":"","meta":{"site-sidebar-layout":"no-sidebar","site-content-layout":"page-builder","ast-site-content-layout":"","site-content-style":"default","site-sidebar-style":"default","ast-global-header-display":"","ast-banner-title-visibility":"","ast-main-header-display":"","ast-hfb-above-header-display":"","ast-hfb-below-header-display":"","ast-hfb-mobile-header-display":"","site-post-title":"disabled","ast-breadcrumbs-content":"","ast-featured-img":"disabled","footer-sml-layout":"","theme-transparent-header-meta":"","adv-header-id-meta":"","stick-header-meta":"","header-above-stick-meta":"","header-main-stick-meta":"","header-below-stick-meta":"","astra-migrate-meta-layouts":"default","ast-page-background-enabled":"default","ast-page-background-meta":{"desktop":{"background-color":"","background-image":"","background-repeat":"repeat","background-position":"center center","background-size":"auto","background-attachment":"scroll","background-type":"","background-media":"","overlay-type":"","overlay-color":"","overlay-opacity":"","overlay-gradient":""},"tablet":{"background-color":"","background-image":"","background-repeat":"repeat","background-position":"center center","background-size":"auto","background-attachment":"scroll","background-type":"","background-media":"","overlay-type":"","overlay-color":"","overlay-opacity":"","overlay-gradient":""},"mobile":{"background-color":"","background-image":"","background-repeat":"repeat","background-position":"center center","background-size":"auto","background-attachment":"scroll","background-type":"","background-media":"","overlay-type":"","overlay-color":"","overlay-opacity":"","overlay-gradient":""}},"ast-content-background-meta":{"desktop":{"background-color":"var(--ast-global-color-5)","background-image":"","background-repeat":"repeat","background-position":"center center","background-size":"auto","background-attachment":"scroll","background-type":"","background-media":"","overlay-type":"","overlay-color":"","overlay-opacity":"","overlay-gradient":""},"tablet":{"background-color":"var(--ast-global-color-5)","background-image":"","background-repeat":"repeat","background-position":"center center","background-size":"auto","background-attachment":"scroll","background-type":"","background-media":"","overlay-type":"","overlay-color":"","overlay-opacity":"","overlay-gradient":""},"mobile":{"background-color":"var(--ast-global-color-5)","background-image":"","background-repeat":"repeat","background-position":"center center","background-size":"auto","background-attachment":"scroll","background-type":"","background-media":"","overlay-type":"","overlay-color":"","overlay-opacity":"","overlay-gradient":""}},"footnotes":""},"class_list":["post-1289","page","type-page","status-publish","hentry"],"_links":{"self":[{"href":"https:\/\/evibossanyi.com\/hu\/wp-json\/wp\/v2\/pages\/1289","targetHints":{"allow":["GET"]}}],"collection":[{"href":"https:\/\/evibossanyi.com\/hu\/wp-json\/wp\/v2\/pages"}],"about":[{"href":"https:\/\/evibossanyi.com\/hu\/wp-json\/wp\/v2\/types\/page"}],"author":[{"embeddable":true,"href":"https:\/\/evibossanyi.com\/hu\/wp-json\/wp\/v2\/users\/2"}],"replies":[{"embeddable":true,"href":"https:\/\/evibossanyi.com\/hu\/wp-json\/wp\/v2\/comments?post=1289"}],"version-history":[{"count":0,"href":"https:\/\/evibossanyi.com\/hu\/wp-json\/wp\/v2\/pages\/1289\/revisions"}],"wp:attachment":[{"href":"https:\/\/evibossanyi.com\/hu\/wp-json\/wp\/v2\/media?parent=1289"}],"curies":[{"name":"wp","href":"https:\/\/api.w.org\/{rel}","templated":true}]}}